{"id":51,"date":"2026-02-18T18:28:19","date_gmt":"2026-02-18T23:28:19","guid":{"rendered":"https:\/\/lotuschiropratique.com\/?page_id=51"},"modified":"2026-03-01T18:56:02","modified_gmt":"2026-03-01T23:56:02","slug":"a-propos-de","status":"publish","type":"page","link":"https:\/\/lotuschiropratique.com\/?page_id=51","title":{"rendered":"Qui suis-je?"},"content":{"rendered":"\n<p>Dre Caroline Bergeron est une chiropraticienne dipl\u00f4m\u00e9e de l&rsquo;Universit\u00e9 du Qu\u00e9bec \u00e0 Trois-Rivi\u00e8res en 2017.<\/p>\n\n\n\n<p><\/p>\n","protected":false},"excerpt":{"rendered":"<p>Dre Caroline Bergeron est une chiropraticienne dipl\u00f4m\u00e9e de l&rsquo;Universit\u00e9 du Qu\u00e9bec \u00e0 Trois-Rivi\u00e8res en 2017.<\/p>\n","protected":false},"author":1,"featured_media":161,"parent":0,"menu_order":0,"comment_status":"closed","ping_status":"closed","template":"","meta":{"pagelayer_contact_templates":[],"_pagelayer_content":"","footnotes":""},"class_list":["post-51","page","type-page","status-publish","has-post-thumbnail","hentry"],"_links":{"self":[{"href":"https:\/\/lotuschiropratique.com\/index.php?rest_route=\/wp\/v2\/pages\/51","targetHints":{"allow":["GET"]}}],"collection":[{"href":"https:\/\/lotuschiropratique.com\/index.php?rest_route=\/wp\/v2\/pages"}],"about":[{"href":"https:\/\/lotuschiropratique.com\/index.php?rest_route=\/wp\/v2\/types\/page"}],"author":[{"embeddable":true,"href":"https:\/\/lotuschiropratique.com\/index.php?rest_route=\/wp\/v2\/users\/1"}],"replies":[{"embeddable":true,"href":"https:\/\/lotuschiropratique.com\/index.php?rest_route=%2Fwp%2Fv2%2Fcomments&post=51"}],"version-history":[{"count":3,"href":"https:\/\/lotuschiropratique.com\/index.php?rest_route=\/wp\/v2\/pages\/51\/revisions"}],"predecessor-version":[{"id":157,"href":"https:\/\/lotuschiropratique.com\/index.php?rest_route=\/wp\/v2\/pages\/51\/revisions\/157"}],"wp:featuredmedia":[{"embeddable":true,"href":"https:\/\/lotuschiropratique.com\/index.php?rest_route=\/wp\/v2\/media\/161"}],"wp:attachment":[{"href":"https:\/\/lotuschiropratique.com\/index.php?rest_route=%2Fwp%2Fv2%2Fmedia&parent=51"}],"curies":[{"name":"wp","href":"https:\/\/api.w.org\/{rel}","templated":true}]}}